{"id":778,"date":"2023-01-07T08:17:37","date_gmt":"2023-01-07T08:17:37","guid":{"rendered":"https:\/\/www.rybsogutma.com\/?post_type=product&#038;p=778"},"modified":"2023-01-07T08:19:02","modified_gmt":"2023-01-07T08:19:02","slug":"climart-art3000-art3300","status":"publish","type":"product","link":"https:\/\/www.rybsogutma.com\/index.php\/urun\/climart-art3000-art3300\/","title":{"rendered":"CL\u0130MART ART3000 \/ ART3300"},"content":{"rendered":"<table class=\"tg\">\n<tbody>\n<tr>\n<th class=\"tg-baqh\">A\u00c7IKLAMALAR<\/th>\n<th class=\"tg-baqh\">TEKN\u0130K \u00d6ZELL\u0130KLER<\/th>\n<\/tr>\n<tr>\n<td class=\"tg-baqh\">\u00dcnite Ad\u0131<\/td>\n<td class=\"tg-baqh\">ART3000<\/td>\n<\/tr>\n<tr>\n<td class=\"tg-baqh\">So\u011futma Kapasitesi<\/td>\n<td class=\"tg-baqh\">@30\u1d52C<\/td>\n<\/tr>\n<tr>\n<td class=\"tg-baqh\">Kasa Hacmi<\/td>\n<td class=\"tg-baqh\">19m\u00b3 \/ 22m\u00b3 \/ 26m\u00b3<\/td>\n<\/tr>\n<tr>\n<td class=\"tg-baqh\">Set S\u0131cakl\u0131\u011f\u0131<\/td>\n<td class=\"tg-baqh\">-18 \u00b0C \/ 0 \u00b0C \/ +5 \u00b0C<\/td>\n<\/tr>\n<tr>\n<td class=\"tg-baqh\">Ara\u00e7 Motorundan Tahrikli<\/td>\n<td class=\"tg-baqh\">1880Watt \/ 3650Watt \/ 4600Watt<\/td>\n<\/tr>\n<tr>\n<td class=\"tg-baqh\">So\u011futucu Ak\u0131\u015fkan<\/td>\n<td class=\"tg-baqh\">R404A<\/td>\n<\/tr>\n<tr>\n<td class=\"tg-baqh\">Evaporat\u00f6r \u00dcnite \u00d6l\u00e7\u00fcleri<\/td>\n<td class=\"tg-baqh\">1000 x 650 x 230 mm<\/td>\n<\/tr>\n<tr>\n<td class=\"tg-baqh\">Kondenser \u00dcnite \u00d6l\u00e7\u00fcleri<\/td>\n<td class=\"tg-baqh\">1270 x 560 x 455 mm<\/td>\n<\/tr>\n<tr>\n<td class=\"tg-baqh\">Kondenser A\u011f\u0131rl\u0131\u011f\u0131<\/td>\n<td class=\"tg-baqh\">54 Kg.<\/td>\n<\/tr>\n<tr>\n<td class=\"tg-baqh\">Evaporat\u00f6r A\u011f\u0131rl\u0131\u011f\u0131<\/td>\n<td class=\"tg-baqh\">21,5 Kg.<\/td>\n<\/tr>\n<tr>\n<td class=\"tg-baqh\">Montaj Kit A\u011f\u0131rl\u0131\u011f\u0131<\/td>\n<td class=\"tg-baqh\">25 Kg.<\/td>\n<\/tr>\n<tr>\n<td class=\"tg-baqh\">Kondenser Hava Debisi<\/td>\n<td class=\"tg-baqh\">5400m3\/h\u00a0\u00a0\u00a0\u00a0@0 mmH2O<\/td>\n<\/tr>\n<tr>\n<td class=\"tg-baqh\">Evaporat\u00f6r Hava Debisi<\/td>\n<td class=\"tg-baqh\">2800m3\/h\u00a0\u00a0\u00a0\u00a0@0 mmH2O<\/td>\n<\/tr>\n<tr>\n<td class=\"tg-baqh\">S\u0131cak Gaz ile Manuel veya Otomatik Defrost<\/td>\n<td class=\"tg-baqh\">Standart<\/td>\n<\/tr>\n<tr>\n<td class=\"tg-baqh\">Elektrik Motor \u00d6zellikleri<\/td>\n<td class=\"tg-baqh\"><\/td>\n<\/tr>\n<tr>\n<td class=\"tg-baqh\">G\u00fc\u00e7 \u0130htiyac\u0131<\/td>\n<td class=\"tg-baqh\">28A@24V DC<\/td>\n<\/tr>\n<\/tbody>\n<\/table>\n","protected":false},"excerpt":{"rendered":"<p>A\u00c7IKLAMALAR\tTEKN\u0130K \u00d6ZELL\u0130KLER<br \/>\n\u00dcnite Ad\u0131\tART3300<br \/>\nSo\u011futma Kapasitesi\t@30\u1d52C<br \/>\nKasa Hacmi\t19m\u00b3 \/ 22m\u00b3 \/ 26m\u00b3<br \/>\nSet S\u0131cakl\u0131\u011f\u0131\t-18 \u00b0C \/ 0 \u00b0C \/ +5 \u00b0C<br \/>\nAra\u00e7 Motorundan Tahrikli\t1490Watt \/ 3005Watt \/ 3760Watt<br \/>\nSo\u011futucu Ak\u0131\u015fkan\tR404A<br \/>\nEvaporat\u00f6r \u00dcnite \u00d6l\u00e7\u00fcleri\t1000 x 650 x 230 mm<br \/>\nKondenser \u00dcnite \u00d6l\u00e7\u00fcleri\t1270 x 560 x 455 mm<br \/>\nKondenser A\u011f\u0131rl\u0131\u011f\u0131\t104 Kg.<br \/>\nEvaporat\u00f6r A\u011f\u0131rl\u0131\u011f\u0131\t21,5 Kg.<br \/>\nMontaj Kit A\u011f\u0131rl\u0131\u011f\u0131\t25 Kg.<br \/>\nKondenser Hava Debisi\t5400m3\/h    @0 mmH2O<br \/>\nEvaporat\u00f6r Hava Debisi\t2800m3\/h    @0 mmH2O<br \/>\nS\u0131cak Gaz ile Manuel veya Otomatik Defrost\tStandart<br \/>\nElektrik Motor \u00d6zellikleri\t4kW 380V 50Hz<br \/>\nG\u00fc\u00e7 \u0130htiyac\u0131\t56A@12V DC<\/p>\n","protected":false},"featured_media":779,"comment_status":"open","ping_status":"closed","template":"","meta":[],"product_cat":[28,24],"product_tag":[],"class_list":["post-778","product","type-product","status-publish","has-post-thumbnail","hentry","product_cat-art3000-art3300","product_cat-climart-2"],"_links":{"self":[{"href":"https:\/\/www.rybsogutma.com\/index.php\/wp-json\/wp\/v2\/product\/778","targetHints":{"allow":["GET"]}}],"collection":[{"href":"https:\/\/www.rybsogutma.com\/index.php\/wp-json\/wp\/v2\/product"}],"about":[{"href":"https:\/\/www.rybsogutma.com\/index.php\/wp-json\/wp\/v2\/types\/product"}],"replies":[{"embeddable":true,"href":"https:\/\/www.rybsogutma.com\/index.php\/wp-json\/wp\/v2\/comments?post=778"}],"wp:featuredmedia":[{"embeddable":true,"href":"https:\/\/www.rybsogutma.com\/index.php\/wp-json\/wp\/v2\/media\/779"}],"wp:attachment":[{"href":"https:\/\/www.rybsogutma.com\/index.php\/wp-json\/wp\/v2\/media?parent=778"}],"wp:term":[{"taxonomy":"product_cat","embeddable":true,"href":"https:\/\/www.rybsogutma.com\/index.php\/wp-json\/wp\/v2\/product_cat?post=778"},{"taxonomy":"product_tag","embeddable":true,"href":"https:\/\/www.rybsogutma.com\/index.php\/wp-json\/wp\/v2\/product_tag?post=778"}],"curies":[{"name":"wp","href":"https:\/\/api.w.org\/{rel}","templated":true}]}}