{"id":842,"date":"2023-01-23T08:07:04","date_gmt":"2023-01-23T08:07:04","guid":{"rendered":"https:\/\/www.rybsogutma.com\/?page_id=842"},"modified":"2023-01-23T08:20:16","modified_gmt":"2023-01-23T08:20:16","slug":"e-katalog","status":"publish","type":"page","link":"https:\/\/www.rybsogutma.com\/index.php\/e-katalog\/","title":{"rendered":"E-KATALOG"},"content":{"rendered":"<p>[vc_row][vc_column width=&#8221;1\/2&#8243;][vc_single_image image=&#8221;844&#8243; img_size=&#8221;FULL&#8221; onclick=&#8221;custom_link&#8221; img_link_target=&#8221;_blank&#8221; link=&#8221;https:\/\/www.rybsogutma.com\/wp-content\/uploads\/2023\/01\/sogutucu-sikistirilmis-1.pdf&#8221; parallax_scroll=&#8221;no&#8221; title=&#8221;FR\u0130GOR\u0130F\u0130K ARA\u00c7 SO\u011eUTUCULARI&#8221;][\/vc_column][vc_column width=&#8221;1\/2&#8243;][vc_single_image image=&#8221;850&#8243; img_size=&#8221;FULL&#8221; onclick=&#8221;custom_link&#8221; title=&#8221;SO\u011eUK HAVA DEPOSU&#8221; link=&#8221;https:\/\/www.rybsogutma.com\/wp-content\/uploads\/2023\/01\/RYB-KATALOG-sikistirilmis-1.pdf&#8221; parallax_scroll=&#8221;no&#8221;][\/vc_column][\/vc_row]<\/p>\n","protected":false},"excerpt":{"rendered":"<p>[vc_row][vc_column width=&#8221;1\/2&#8243;][vc_single_image image=&#8221;844&#8243; img_size=&#8221;FULL&#8221; onclick=&#8221;custom_link&#8221; img_link_target=&#8221;_blank&#8221; link=&#8221;https:\/\/www.rybsogutma.com\/wp-content\/uploads\/2023\/01\/sogutucu-sikistirilmis-1.pdf&#8221; parallax_scroll=&#8221;no&#8221; title=&#8221;FR\u0130GOR\u0130F\u0130K ARA\u00c7 SO\u011eUTUCULARI&#8221;][\/vc_column][vc_column width=&#8221;1\/2&#8243;][vc_single_image image=&#8221;850&#8243; img_size=&#8221;FULL&#8221; onclick=&#8221;custom_link&#8221; title=&#8221;SO\u011eUK HAVA DEPOSU&#8221; link=&#8221;https:\/\/www.rybsogutma.com\/wp-content\/uploads\/2023\/01\/RYB-KATALOG-sikistirilmis-1.pdf&#8221; parallax_scroll=&#8221;no&#8221;][\/vc_column][\/vc_row]<\/p>\n","protected":false},"author":1,"featured_media":0,"parent":0,"menu_order":0,"comment_status":"closed","ping_status":"closed","template":"","meta":{"footnotes":""},"class_list":["post-842","page","type-page","status-publish","hentry"],"_links":{"self":[{"href":"https:\/\/www.rybsogutma.com\/index.php\/wp-json\/wp\/v2\/pages\/842","targetHints":{"allow":["GET"]}}],"collection":[{"href":"https:\/\/www.rybsogutma.com\/index.php\/wp-json\/wp\/v2\/pages"}],"about":[{"href":"https:\/\/www.rybsogutma.com\/index.php\/wp-json\/wp\/v2\/types\/page"}],"author":[{"embeddable":true,"href":"https:\/\/www.rybsogutma.com\/index.php\/wp-json\/wp\/v2\/users\/1"}],"replies":[{"embeddable":true,"href":"https:\/\/www.rybsogutma.com\/index.php\/wp-json\/wp\/v2\/comments?post=842"}],"version-history":[{"count":5,"href":"https:\/\/www.rybsogutma.com\/index.php\/wp-json\/wp\/v2\/pages\/842\/revisions"}],"predecessor-version":[{"id":851,"href":"https:\/\/www.rybsogutma.com\/index.php\/wp-json\/wp\/v2\/pages\/842\/revisions\/851"}],"wp:attachment":[{"href":"https:\/\/www.rybsogutma.com\/index.php\/wp-json\/wp\/v2\/media?parent=842"}],"curies":[{"name":"wp","href":"https:\/\/api.w.org\/{rel}","templated":true}]}}