{"id":731,"date":"2023-01-07T06:49:51","date_gmt":"2023-01-07T06:49:51","guid":{"rendered":"https:\/\/www.rybsogutma.com\/?page_id=731"},"modified":"2023-01-07T07:23:24","modified_gmt":"2023-01-07T07:23:24","slug":"frigorifik-moduler-arac-izolasyon","status":"publish","type":"page","link":"https:\/\/www.rybsogutma.com\/index.php\/frigorifik-moduler-arac-izolasyon\/","title":{"rendered":"Frigorifik Mod\u00fcler Ara\u00e7 \u0130zolasyon"},"content":{"rendered":"<p>[vc_row][vc_column width=&#8221;1\/2&#8243;][vc_images_carousel images=&#8221;752,753,754,755,756,757,758,759&#8243; img_size=&#8221;600&#215;500&#8243;][\/vc_column][vc_column width=&#8221;1\/2&#8243;][vc_column_text css_animation=&#8221;fadeInRight&#8221; text_larger=&#8221;no&#8221;]<\/p>\n<h4>Frigorifik Mod\u00fcler Ara\u00e7 \u0130zolasyon<\/h4>\n<p>Frigorifik mod\u00fcler ara\u00e7 izolasyonu h\u0131zl\u0131 ve pratik kurulumla zaman ve maliyeti az olan izolasyondur. Donmu\u015f \u00fcr\u00fcnlerin buzu \u00e7\u00f6z\u00fclmeden en iyi \u015fekilde koruyarak ta\u015f\u0131nmas\u0131n\u0131 sa\u011flar.<\/p>\n<p>Belirli \u00fcr\u00fcn ya da \u00fcr\u00fcn gruplar\u0131 i\u00e7in ta\u015f\u0131ma ortam s\u0131cakl\u0131\u011f\u0131 \u00e7ok \u00f6nemlidir. Ta\u015f\u0131mada kullan\u0131lan ara\u00e7 kasas\u0131n\u0131n izolasyon de\u011feri bu a\u015famada ara\u00e7 so\u011futma sistemi kapasitesinin istenilen d\u00fc\u015f\u00fck ta\u015f\u0131ma s\u0131cakl\u0131\u011f\u0131n\u0131 sa\u011flamas\u0131nda \u00f6nemli bir fakt\u00f6r haline gelir. Gerekli \u0131s\u0131 izolasyonunun sa\u011flanmas\u0131 i\u00e7in\u00a0frigo ara\u00e7 izolasyonu kullan\u0131larak istenilen \u0131s\u0131 de\u011ferleri olu\u015fturulup korunabilir.<\/p>\n<p>Frigo kasal\u0131 ara\u00e7larda perde sistemi do\u011fru bir ask\u0131 sistemine sahip olmal\u0131d\u0131r. Ara\u00e7lar\u0131n kasalar\u0131 izolasyonun sa\u011flanmas\u0131 amac\u0131yla poli\u00fcretan dolgulu oldu\u011fu i\u00e7in yaln\u0131zca vida ile tutturulan ve ask\u0131 sistemi bulunmayan \u00fcr\u00fcnlerden uzak durulmal\u0131d\u0131r. Ayr\u0131ca frigo ara\u00e7 izolasyonu\u00a0kullan\u0131l\u0131yor olsa dahi kap\u0131 gereksiz yere ve uzun s\u00fcre a\u00e7\u0131k tutulmamal\u0131d\u0131r. Montaj\u0131n ard\u0131ndan perde boylar\u0131 uzunsa mutlaka k\u0131salt\u0131lmal\u0131d\u0131r. E\u011fer uygun \u015fekilde k\u0131saltma yap\u0131lmazsa uzun olan \u015feritlerin aralar\u0131n\u0131n a\u00e7\u0131lmas\u0131na ba\u011fl\u0131 olarak izolasyon sorunlar\u0131 ya\u015fanabilir.<\/p>\n<p>&nbsp;[\/vc_column_text][\/vc_column][\/vc_row]<\/p>\n","protected":false},"excerpt":{"rendered":"<p>[vc_row][vc_column width=&#8221;1\/2&#8243;][vc_images_carousel images=&#8221;752,753,754,755,756,757,758,759&#8243; img_size=&#8221;600&#215;500&#8243;][\/vc_column][vc_column width=&#8221;1\/2&#8243;][vc_column_text css_animation=&#8221;fadeInRight&#8221; text_larger=&#8221;no&#8221;] Frigorifik Mod\u00fcler Ara\u00e7 \u0130zolasyon Frigorifik mod\u00fcler ara\u00e7 izolasyonu h\u0131zl\u0131 ve pratik kurulumla zaman<\/p>\n","protected":false},"author":1,"featured_media":0,"parent":0,"menu_order":0,"comment_status":"closed","ping_status":"closed","template":"","meta":{"footnotes":""},"class_list":["post-731","page","type-page","status-publish","hentry"],"_links":{"self":[{"href":"https:\/\/www.rybsogutma.com\/index.php\/wp-json\/wp\/v2\/pages\/731","targetHints":{"allow":["GET"]}}],"collection":[{"href":"https:\/\/www.rybsogutma.com\/index.php\/wp-json\/wp\/v2\/pages"}],"about":[{"href":"https:\/\/www.rybsogutma.com\/index.php\/wp-json\/wp\/v2\/types\/page"}],"author":[{"embeddable":true,"href":"https:\/\/www.rybsogutma.com\/index.php\/wp-json\/wp\/v2\/users\/1"}],"replies":[{"embeddable":true,"href":"https:\/\/www.rybsogutma.com\/index.php\/wp-json\/wp\/v2\/comments?post=731"}],"version-history":[{"count":2,"href":"https:\/\/www.rybsogutma.com\/index.php\/wp-json\/wp\/v2\/pages\/731\/revisions"}],"predecessor-version":[{"id":760,"href":"https:\/\/www.rybsogutma.com\/index.php\/wp-json\/wp\/v2\/pages\/731\/revisions\/760"}],"wp:attachment":[{"href":"https:\/\/www.rybsogutma.com\/index.php\/wp-json\/wp\/v2\/media?parent=731"}],"curies":[{"name":"wp","href":"https:\/\/api.w.org\/{rel}","templated":true}]}}