{"id":725,"date":"2023-01-07T06:48:56","date_gmt":"2023-01-07T06:48:56","guid":{"rendered":"https:\/\/www.rybsogutma.com\/?page_id=725"},"modified":"2023-01-07T07:25:41","modified_gmt":"2023-01-07T07:25:41","slug":"ambulans-klimasi","status":"publish","type":"page","link":"https:\/\/www.rybsogutma.com\/index.php\/ambulans-klimasi\/","title":{"rendered":"Ambulans Klimas\u0131"},"content":{"rendered":"<p>[vc_row][vc_column width=&#8221;1\/2&#8243;][vc_gallery interval=&#8221;3&#8243; images=&#8221;711,710&#8243; img_size=&#8221;full&#8221;][\/vc_column][vc_column width=&#8221;1\/2&#8243;][vc_column_text css_animation=&#8221;fadeInRight&#8221; text_larger=&#8221;no&#8221;]<\/p>\n<h4 class=\"info-box-title wooturka-font-weight- box-title-style-default\">Ambulans Klimas\u0131<\/h4>\n<div class=\"info-box-inner reset-mb-10\">\n<div><\/div>\n<div>Ambulans klimas\u0131 ara\u00e7 i\u00e7indeki havan\u0131n temizlenmesi ve ortam s\u0131cakl\u0131g\u0131n\u0131 korumak i\u00e7in kullan\u0131l\u0131r.<\/div>\n<\/div>\n<p>[\/vc_column_text][\/vc_column][\/vc_row]<\/p>\n","protected":false},"excerpt":{"rendered":"<p>[vc_row][vc_column width=&#8221;1\/2&#8243;][vc_gallery interval=&#8221;3&#8243; images=&#8221;711,710&#8243; img_size=&#8221;full&#8221;][\/vc_column][vc_column width=&#8221;1\/2&#8243;][vc_column_text css_animation=&#8221;fadeInRight&#8221; text_larger=&#8221;no&#8221;] Ambulans Klimas\u0131 Ambulans klimas\u0131 ara\u00e7 i\u00e7indeki havan\u0131n temizlenmesi ve ortam s\u0131cakl\u0131g\u0131n\u0131 korumak<\/p>\n","protected":false},"author":1,"featured_media":0,"parent":0,"menu_order":0,"comment_status":"closed","ping_status":"closed","template":"","meta":{"footnotes":""},"class_list":["post-725","page","type-page","status-publish","hentry"],"_links":{"self":[{"href":"https:\/\/www.rybsogutma.com\/index.php\/wp-json\/wp\/v2\/pages\/725","targetHints":{"allow":["GET"]}}],"collection":[{"href":"https:\/\/www.rybsogutma.com\/index.php\/wp-json\/wp\/v2\/pages"}],"about":[{"href":"https:\/\/www.rybsogutma.com\/index.php\/wp-json\/wp\/v2\/types\/page"}],"author":[{"embeddable":true,"href":"https:\/\/www.rybsogutma.com\/index.php\/wp-json\/wp\/v2\/users\/1"}],"replies":[{"embeddable":true,"href":"https:\/\/www.rybsogutma.com\/index.php\/wp-json\/wp\/v2\/comments?post=725"}],"version-history":[{"count":2,"href":"https:\/\/www.rybsogutma.com\/index.php\/wp-json\/wp\/v2\/pages\/725\/revisions"}],"predecessor-version":[{"id":761,"href":"https:\/\/www.rybsogutma.com\/index.php\/wp-json\/wp\/v2\/pages\/725\/revisions\/761"}],"wp:attachment":[{"href":"https:\/\/www.rybsogutma.com\/index.php\/wp-json\/wp\/v2\/media?parent=725"}],"curies":[{"name":"wp","href":"https:\/\/api.w.org\/{rel}","templated":true}]}}