{"id":124,"date":"2021-01-07T10:15:01","date_gmt":"2021-01-07T10:15:01","guid":{"rendered":"https:\/\/www.rybsogutma.com\/?page_id=124"},"modified":"2023-01-06T10:26:26","modified_gmt":"2023-01-06T10:26:26","slug":"hakkimizda","status":"publish","type":"page","link":"https:\/\/www.rybsogutma.com\/index.php\/hakkimizda\/","title":{"rendered":"Hakk\u0131m\u0131zda"},"content":{"rendered":"<p>[vc_row][vc_column][vc_column_text text_larger=&#8221;no&#8221;]<\/p>\n<h2>RYB \u0130klimlendirme ve Otomotiv Hakk\u0131nda<\/h2>\n<p class=\"text-justify\">RYB \u0130klimlendirme 2020 y\u0131l\u0131 itibari ile sekt\u00f6rde y\u0131llard\u0131r farkl\u0131 \u015firketlerde \u00e7al\u0131\u015fmalar\u0131n\u0131 s\u00fcrd\u00fcren, alan\u0131nda uzmanla\u015fm\u0131\u015f i\u015f insanlar\u0131n\u0131, t\u00fcm bilgi birikimleri ve tecr\u00fcbeleri ile birlikte bir araya getirerek se\u00e7kin bir ekip kurmu\u015f, bu ekiple sekt\u00f6re yeni bir vizyon getirmeyi ama\u00e7lam\u0131\u015ft\u0131r. Y\u0131llard\u0131r \u00fclkemizde frigorifik so\u011futman\u0131n t\u00fcm i\u015f kollar\u0131n\u0131 s\u0131k\u0131 bir \u015fekilde takip ederek, geli\u015ftirmeye m\u00fcsait g\u00f6rd\u00fc\u011f\u00fcm\u00fcz her konuyu t\u00fcm ilgi ve alakam\u0131z ile ele ald\u0131k. Bu konularda gerekli t\u00fcm argemizi yap\u0131p alt yap\u0131m\u0131z\u0131 olu\u015fturduk. Misyonumuz toplam kalite y\u00f6netimi \u00e7er\u00e7evesinde, i\u00e7inde bulundu\u011fumuz teknoloji \u00e7a\u011f\u0131n\u0131n t\u00fcm getirilerinden faydalanmak sureti ile, frigorifik so\u011futma sekt\u00f6r\u00fcnde \u00fclkemizi, t\u00fcm d\u00fcnyada en iyi \u015fekilde temsil ederek, ad\u0131m\u0131zdan kalitemiz ve yenilik\u00e7i ruhumuzla bahsedilir hale gelmektir.<\/p>\n<p class=\"text-justify\">Frigorifik so\u011futma sekt\u00f6r\u00fc, g\u0131da sekt\u00f6r\u00fc ile paralel olarak geli\u015fmektedir. Geli\u015fmi\u015f \u00fclkelerde g\u0131da sekt\u00f6r\u00fcn\u00fcn, insanlara daha pratik beslenme ko\u015fullar\u0131 haz\u0131rlad\u0131\u011f\u0131 \u015fu g\u00fcnlerde, geli\u015fmekte olan \u00fclkelerde de ayn\u0131 y\u00f6nelim mecburi bir hal alm\u0131\u015f, dondurulmu\u015f g\u0131da \u00fcr\u00fcnleri bu ba\u011flamda \u00f6nem kazanm\u0131\u015ft\u0131r ve g\u00fcn ge\u00e7tik\u00e7e daha da \u00f6nem kazanacakt\u0131r. Dondurulmu\u015f g\u0131da \u00fcr\u00fcnlerinin \u00f6nem kazanmas\u0131, \u00fcreticiyi de bu y\u00f6nde \u00fcretim yapmaya zorlamaktad\u0131r. G\u00fcn\u00fcm\u00fczde medikal \u00fcr\u00fcnlerde \u00f6nemini t\u00fcm d\u00fcnyan\u0131n kavrad\u0131\u011f\u0131 \u201cso\u011fuk zincir\u201d konusu, g\u0131da \u00fcretiminde de \u00f6nem kazanmaya ba\u015flam\u0131\u015ft\u0131r. Y\u0131llard\u0131r bunu \u00f6ng\u00f6ren ekiplerimiz g\u0131da sekt\u00f6r\u00fcnde de so\u011fuk zincirin bozulmayaca\u011f\u0131 \u00e7\u00f6z\u00fcmler \u00fcretmek i\u00e7in t\u00fcm argelerini bitirmi\u015f ve altyap\u0131s\u0131n\u0131 tamamlam\u0131\u015f durumdad\u0131r. G\u00fcn\u00fcm\u00fczde tar\u0131m \u00fcreticilerinin \u00fcretti\u011fi meyve ve sebzelerin sofraya gelene kadar, so\u011fuk zincire dikkat edilmemesinden kaynakl\u0131 kay\u0131plar\u0131n\u0131n, \u00fclkemize ve milletimize \u00e7ok b\u00fcy\u00fck bir y\u00fck oldu\u011funu art\u0131k \u00e7ok iyi biliyoruz. Biz RYB \u0130klimlendirme olarak bu fark\u0131ndal\u0131\u011fa sahip bir i\u015fletmeyiz. So\u011fuk zincirin bozulmamas\u0131 i\u00e7in t\u00fcm \u00fcreticilerimize gerekli dan\u0131\u015fmanl\u0131k hizmetini vermekteyiz. \u00dcreticilerimizin talepleri do\u011frultusunda so\u011fuk zinciri hayata ge\u00e7irmeleri konusunda da her zaman i\u015fimizin ba\u015f\u0131nda olaca\u011f\u0131z. B\u00f6ylece sadece so\u011fuk hava deposu de\u011fil, frigorifik so\u011futma sistemleri, bu sistemlerin anl\u0131k takip edilebilmelerine kadar t\u00fcm \u00e7al\u0131\u015fmalar\u0131 ayn\u0131 \u00e7at\u0131 alt\u0131nda haz\u0131rlay\u0131p b\u00fct\u00fcn bir proje halinde sunaca\u011f\u0131z.<\/p>\n<p>[\/vc_column_text][\/vc_column][\/vc_row][vc_row][vc_column width=&#8221;1\/3&#8243;][vc_column_text text_larger=&#8221;no&#8221;]<\/p>\n<h3 class=\"nouppercase mb-2\">Biz Kimiz<\/h3>\n<p>Kaliteli hizmeti ile, m\u00fc\u015fteri memnuniyetini kazanmay\u0131 hedefleyen, tecr\u00fcbeli ve g\u00fcler y\u00fczl\u00fc kadrosu ile sekt\u00f6r\u00fcn \u00f6nc\u00fc firmalar\u0131na hizmet vermekteyiz. M\u00fc\u015fteri memnuniyeti ve kaliteyi \u00f6n planda tutarak, 15 y\u0131l\u0131 a\u015fk\u0131n i\u015f tecr\u00fcbesiyle yola \u00e7\u0131kan RYB iklimlendirme, mutlu m\u00fc\u015fteri slogan\u0131 ve m\u00fc\u015fteri memnuniyetinden taviz vermeden, emin ad\u0131mlarla ilerlemektedir.[\/vc_column_text][\/vc_column][vc_column width=&#8221;1\/3&#8243;][vc_column_text text_larger=&#8221;no&#8221;]<\/p>\n<h3 class=\"nouppercase mb-2\">Vizyon<\/h3>\n<p>Sekt\u00f6r\u00fcn ihtiya\u00e7lar\u0131n\u0131 ve yenilikleri takip ederek , Servis ve bak\u0131m konusunda kaliteli ve g\u00fcvenilir hizmete ihtiyac\u0131 olan m\u00fc\u015fterilerin taleplerini kar\u015f\u0131lamak, tecr\u00fcbeli oldu\u011fumuz i\u015fi M\u00fc\u015fteriye en iyi \u015fekilde yans\u0131tmak.[\/vc_column_text][\/vc_column][vc_column width=&#8221;1\/3&#8243;][vc_column_text text_larger=&#8221;no&#8221;]<\/p>\n<h3 class=\"nouppercase mb-2\">Misyon<\/h3>\n<p>RYB \u0130KL\u0130MLEND\u0130RME olarak gerek \u0130stanbul bayili\u011fini yap\u0131yor oldu\u011fumuz markan\u0131n gerekse yetkili servisli\u011fini \u00fcstlenmi\u015f oldu\u011fumuz ulusal markalar\u0131n Montaj\u0131n\u0131 , bak\u0131m\u0131n\u0131 ve onar\u0131m\u0131n\u0131 tecr\u00fcbeli ve g\u00fcler y\u00fczl\u00fc ekibimiz ile en iyi \u015fekilde ihtiya\u00e7lar\u0131 g\u00f6z \u00f6n\u00fcnde bulundurarak montaj ve onar\u0131m s\u00fcrecinde m\u00fc\u015fterilerimiz ile irtibat halinde olarak g\u00fcler y\u00fczl\u00fc m\u00fc\u015fteri olu\u015fturmak, tecr\u00fcbe ve kalitemizle hizmet sunmak amac\u0131m\u0131zd\u0131r.[\/vc_column_text][\/vc_column][\/vc_row]<\/p>\n","protected":false},"excerpt":{"rendered":"<p>[vc_row][vc_column][vc_column_text text_larger=&#8221;no&#8221;] RYB \u0130klimlendirme ve Otomotiv Hakk\u0131nda RYB \u0130klimlendirme 2020 y\u0131l\u0131 itibari ile sekt\u00f6rde y\u0131llard\u0131r farkl\u0131 \u015firketlerde \u00e7al\u0131\u015fmalar\u0131n\u0131 s\u00fcrd\u00fcren, alan\u0131nda<\/p>\n","protected":false},"author":1,"featured_media":0,"parent":0,"menu_order":0,"comment_status":"closed","ping_status":"closed","template":"","meta":{"footnotes":""},"class_list":["post-124","page","type-page","status-publish","hentry"],"_links":{"self":[{"href":"https:\/\/www.rybsogutma.com\/index.php\/wp-json\/wp\/v2\/pages\/124","targetHints":{"allow":["GET"]}}],"collection":[{"href":"https:\/\/www.rybsogutma.com\/index.php\/wp-json\/wp\/v2\/pages"}],"about":[{"href":"https:\/\/www.rybsogutma.com\/index.php\/wp-json\/wp\/v2\/types\/page"}],"author":[{"embeddable":true,"href":"https:\/\/www.rybsogutma.com\/index.php\/wp-json\/wp\/v2\/users\/1"}],"replies":[{"embeddable":true,"href":"https:\/\/www.rybsogutma.com\/index.php\/wp-json\/wp\/v2\/comments?post=124"}],"version-history":[{"count":2,"href":"https:\/\/www.rybsogutma.com\/index.php\/wp-json\/wp\/v2\/pages\/124\/revisions"}],"predecessor-version":[{"id":596,"href":"https:\/\/www.rybsogutma.com\/index.php\/wp-json\/wp\/v2\/pages\/124\/revisions\/596"}],"wp:attachment":[{"href":"https:\/\/www.rybsogutma.com\/index.php\/wp-json\/wp\/v2\/media?parent=124"}],"curies":[{"name":"wp","href":"https:\/\/api.w.org\/{rel}","templated":true}]}}